{"id":1010,"date":"2022-09-16T03:52:27","date_gmt":"2022-09-16T03:52:27","guid":{"rendered":"https:\/\/bancoempleos.org\/?page_id=1010"},"modified":"2022-10-17T01:40:32","modified_gmt":"2022-10-17T01:40:32","slug":"aviso-de-privacidad","status":"publish","type":"page","link":"https:\/\/bancoempleos.org\/index.php\/aviso-de-privacidad\/","title":{"rendered":"Aviso de Privacidad"},"content":{"rendered":"\t\t<div data-elementor-type=\"wp-page\" data-elementor-id=\"1010\" class=\"elementor elementor-1010\">\n\t\t\t\t\t\t<section class=\"ob-is-breaking-bad elementor-section elementor-top-section elementor-element elementor-element-58958b65 elementor-section-boxed elementor-section-height-default elementor-section-height-default\" data-id=\"58958b65\" data-element_type=\"section\" data-settings=\"{&quot;background_background&quot;:&quot;classic&quot;,&quot;_ob_bbad_use_it&quot;:&quot;yes&quot;,&quot;_ob_bbad_sssic_use&quot;:&quot;no&quot;,&quot;_ob_glider_is_slider&quot;:&quot;no&quot;}\">\n\t\t\t\t\t\t<div class=\"elementor-container elementor-column-gap-default\">\n\t\t\t\t\t<div class=\"elementor-column elementor-col-100 elementor-top-column elementor-element elementor-element-1e3173f9\" data-id=\"1e3173f9\" data-element_type=\"column\" data-settings=\"{&quot;_ob_bbad_is_stalker&quot;:&quot;no&quot;,&quot;_ob_teleporter_use&quot;:false,&quot;_ob_column_hoveranimator&quot;:&quot;no&quot;,&quot;_ob_column_has_pseudo&quot;:&quot;no&quot;}\">\n\t\t\t<div class=\"elementor-widget-wrap elementor-element-populated\">\n\t\t\t\t\t\t<div class=\"elementor-element elementor-element-99cf72d ob-has-background-overlay elementor-widget elementor-widget-spacer\" data-id=\"99cf72d\" data-element_type=\"widget\" data-settings=\"{&quot;_ob_spacerat_use&quot;:&quot;no&quot;,&quot;_ob_perspektive_use&quot;:&quot;no&quot;,&quot;_ob_poopart_use&quot;:&quot;yes&quot;,&quot;_ob_shadough_use&quot;:&quot;no&quot;,&quot;_ob_allow_hoveranimator&quot;:&quot;no&quot;,&quot;_ob_widget_stalker_use&quot;:&quot;no&quot;}\" data-widget_type=\"spacer.default\">\n\t\t\t\t<div class=\"elementor-widget-container\">\n\t\t\t\t\t\t\t<div class=\"elementor-spacer\">\n\t\t\t<div class=\"elementor-spacer-inner\"><\/div>\n\t\t<\/div>\n\t\t\t\t\t\t<\/div>\n\t\t\t\t<\/div>\n\t\t\t\t<div class=\"elementor-element elementor-element-2b7c73f4 ob-harakiri-inherit ob-has-background-overlay elementor-widget elementor-widget-heading\" data-id=\"2b7c73f4\" data-element_type=\"widget\" data-settings=\"{&quot;_ob_use_harakiri&quot;:&quot;yes&quot;,&quot;_ob_harakiri_writing_mode&quot;:&quot;inherit&quot;,&quot;_ob_harakiri_text_clip&quot;:&quot;none&quot;,&quot;_ob_perspektive_use&quot;:&quot;no&quot;,&quot;_ob_poopart_use&quot;:&quot;yes&quot;,&quot;_ob_shadough_use&quot;:&quot;no&quot;,&quot;_ob_allow_hoveranimator&quot;:&quot;no&quot;,&quot;_ob_widget_stalker_use&quot;:&quot;no&quot;}\" data-widget_type=\"heading.default\">\n\t\t\t\t<div class=\"elementor-widget-container\">\n\t\t\t\t\t<h1 class=\"elementor-heading-title elementor-size-default\">aviso de Privacidad<\/h1>\t\t\t\t<\/div>\n\t\t\t\t<\/div>\n\t\t\t\t<div class=\"elementor-element elementor-element-2f704bf7 ob-has-background-overlay elementor-widget elementor-widget-spacer\" data-id=\"2f704bf7\" data-element_type=\"widget\" data-settings=\"{&quot;_ob_spacerat_use&quot;:&quot;no&quot;,&quot;_ob_perspektive_use&quot;:&quot;no&quot;,&quot;_ob_poopart_use&quot;:&quot;yes&quot;,&quot;_ob_shadough_use&quot;:&quot;no&quot;,&quot;_ob_allow_hoveranimator&quot;:&quot;no&quot;,&quot;_ob_widget_stalker_use&quot;:&quot;no&quot;}\" data-widget_type=\"spacer.default\">\n\t\t\t\t<div class=\"elementor-widget-container\">\n\t\t\t\t\t\t\t<div class=\"elementor-spacer\">\n\t\t\t<div class=\"elementor-spacer-inner\"><\/div>\n\t\t<\/div>\n\t\t\t\t\t\t<\/div>\n\t\t\t\t<\/div>\n\t\t\t\t\t<\/div>\n\t\t<\/div>\n\t\t\t\t\t<\/div>\n\t\t<\/section>\n\t\t\t\t<section class=\"ob-is-breaking-bad elementor-section elementor-top-section elementor-element elementor-element-8f600fb elementor-section-boxed elementor-section-height-default elementor-section-height-default\" data-id=\"8f600fb\" data-element_type=\"section\" data-settings=\"{&quot;_ob_bbad_use_it&quot;:&quot;yes&quot;,&quot;_ob_bbad_sssic_use&quot;:&quot;no&quot;,&quot;_ob_glider_is_slider&quot;:&quot;no&quot;}\">\n\t\t\t\t\t\t<div class=\"elementor-container elementor-column-gap-default\">\n\t\t\t\t\t<div class=\"elementor-column elementor-col-100 elementor-top-column elementor-element elementor-element-56c7f6b\" data-id=\"56c7f6b\" data-element_type=\"column\" data-settings=\"{&quot;_ob_bbad_is_stalker&quot;:&quot;no&quot;,&quot;_ob_teleporter_use&quot;:false,&quot;_ob_column_hoveranimator&quot;:&quot;no&quot;,&quot;_ob_column_has_pseudo&quot;:&quot;no&quot;}\">\n\t\t\t<div class=\"elementor-widget-wrap elementor-element-populated\">\n\t\t\t\t\t\t<div class=\"elementor-element elementor-element-d83c060 ob-harakiri-inherit ob-has-background-overlay elementor-widget elementor-widget-text-editor\" data-id=\"d83c060\" data-element_type=\"widget\" data-settings=\"{&quot;_ob_use_harakiri&quot;:&quot;yes&quot;,&quot;_ob_harakiri_writing_mode&quot;:&quot;inherit&quot;,&quot;_ob_postman_use&quot;:&quot;no&quot;,&quot;_ob_perspektive_use&quot;:&quot;no&quot;,&quot;_ob_poopart_use&quot;:&quot;yes&quot;,&quot;_ob_shadough_use&quot;:&quot;no&quot;,&quot;_ob_allow_hoveranimator&quot;:&quot;no&quot;,&quot;_ob_widget_stalker_use&quot;:&quot;no&quot;}\" data-widget_type=\"text-editor.default\">\n\t\t\t\t<div class=\"elementor-widget-container\">\n\t\t\t\t\t\t\t\t\t<p><br><\/p><p><span style=\"background-color: var( --e-global-color-8a18369 ); color: var( --e-global-color-primary ); font-family: var( --e-global-typography-text-font-family ), Sans-serif; font-size: 1rem; font-weight: var( --e-global-typography-text-font-weight );\">Este documento presente, sirve como un Aviso de Privacidad para la Ley Federal de Protecci\u00f3n de Datos Personales en Posesi\u00f3n de los Particulares (LFPDPPP) y otras disposiciones emanadas o relacionadas a ella. Este Aviso de Privacidad aplica sobre la informaci\u00f3n personal recopilada por la directriz de&nbsp;<\/span><strong style=\"background-color: var( --e-global-color-8a18369 ); color: var( --e-global-color-primary ); font-family: var( --e-global-typography-text-font-family ), Sans-serif; font-size: 1rem;\">BAMX GUADALAJARA<\/strong><span style=\"background-color: var( --e-global-color-8a18369 ); color: var( --e-global-color-primary ); font-family: var( --e-global-typography-text-font-family ), Sans-serif; font-size: 1rem; font-weight: var( --e-global-typography-text-font-weight );\">, y su rol como Entidad Responsable.<\/span><br><\/p>\n<p><\/p>\n<p><strong><br><\/strong><\/p><p><strong>Confiable para la protecci\u00f3n de su informaci\u00f3n personal<\/strong><\/p>\n<p>A trav\u00e9s de su sitio&nbsp;<a href=\"https:\/\/bdalimentos.org\/%20\/\">https:\/\/bdalimentos.org\/<\/a>&nbsp;&nbsp;\u201c<strong>BAMX GUADALAJARA<\/strong>\u201d. Pich\u00f3n 1147, Colonia Morelos, 44910 Guadalajara, Jalisco, es una entidad responsable con su informaci\u00f3n personal, para el uso de esta y su protecci\u00f3n.<\/p>\n<p><\/p>\n<p><strong>\u00bfCon qu\u00e9 finalidad requerimos del uso de su informaci\u00f3n personal?<\/strong><\/p>\n<p>Su informaci\u00f3n personal se utilizar\u00e1 para proveer los servicios solicitados, para informarle sobre los cambios y nuevos servicios relacionados a su solicitud original, informarle sobre los productos y servicios proporcionados por nuestros clientes afiliados al portal, informarle sobre los cambios, nuevos productos y servicios ofrecidos en nuestro portal y sus portales afiliados.<\/p>\n<p><\/p>\n<p><strong>\u00bfQu\u00e9 informaci\u00f3n personal recogemos y de d\u00f3nde la obtenemos?<\/strong><\/p>\n<p>Aparte de los prop\u00f3sitos mencionados anteriormente, solicitamos la siguiente informaci\u00f3n personal, la cual es recogida cuando usted visita nuestro portal o cuando utiliza nuestros servicios en l\u00ednea:<\/p>\n<p><strong>Nombre personal<\/strong><\/p>\n<p><strong>Nombre de la empresa<\/strong><\/p>\n<p><strong>Domicilio<\/strong><\/p>\n<p><strong>Email<\/strong><\/p>\n<p><strong>Tel\u00e9fono<\/strong><\/p>\n<p><strong>&nbsp;<\/strong><\/p>\n<p><strong>\u00bfC\u00f3mo puede acceder o rectificar su informaci\u00f3n personal, o cancelar y\/o objetar sobre el uso que se le da a esta?<\/strong><\/p>\n<p>Usted tiene el derecho de acceder, rectificar o cancelar su informaci\u00f3n personal, e incluso a objetar sobre el uso de esta o revocar el consentimiento sobre la manera en que la utilizamos, mand\u00e1ndonos un email a:&nbsp;<a href=\"mailto:contacto@bdalimentos.org\">&nbsp;contacto@bdalimentos.org&nbsp;<\/a>. Su e-mail deber\u00e1 incluir su nombre y su direcci\u00f3n de correo electr\u00f3nico que fue originalmente utilizada cuando nos mand\u00f3 su informaci\u00f3n personal por primera vez.<\/p>\n<p>Atenderemos su petici\u00f3n en un m\u00e1ximo de cinco d\u00edas laborales y responderemos v\u00eda correo electr\u00f3nico con el estatus de su petici\u00f3n.<\/p>\n<p><\/p>\n<p><strong>\u00bfC\u00f3mo puede limitar el uso o difusi\u00f3n de su informaci\u00f3n personal?<\/strong><\/p>\n<p>Le informamos que sus datos personales pueden ser transferidos a cualquiera de las compa\u00f1\u00edas afiliadas a&nbsp;<strong>BAMX GUADALAJARA<\/strong>. En este sentido, su informaci\u00f3n puede ser compartida con otros sitios desarrollados por esta compa\u00f1\u00eda, para promocionar los productos y servicios ofrecidos por dicho portal. S\u00ed usted no manifestar\u00e1 su oposici\u00f3n al uso y\/o transferencia de su informaci\u00f3n personal, se dar\u00e1 por entendido que su consentimiento se ha otorgado.<\/p>\n<p>Le pedimos de la manera m\u00e1s atenta, no transferir su informaci\u00f3n personal a terceros sin previo consentimiento, con excepci\u00f3n a lo estipulado bajo el Art\u00edculo 37 de la Ley Federal de Protecci\u00f3n de Datos Personales en Posesi\u00f3n de los Particulares (LFPDPPP), para hacer este tipo de transferencia bajo los t\u00e9rminos establecidos por esta ley.<\/p>\n<p><\/p>\n<p><strong>\u00bfC\u00f3mo puede revocar su consentimiento sobre el uso de su informaci\u00f3n personal?<\/strong><\/p>\n<p>Si desea dejar de recibir cualquier tipo de mensajes promocionales de nuestra parte, puede solicitarlo mandando un correo electr\u00f3nico a: contacto@bdalimentos.org.<\/p>\n<p><\/p>\n<p><strong>Modificaciones al Aviso de Privacidad<\/strong><\/p>\n<p>Nos reservamos el derecho a realizar cualquier modificaci\u00f3n o actualizaci\u00f3n del Aviso de Privacidad actual, con la finalidad de cumplir con la nueva legislaci\u00f3n, p\u00f3lizas internas o nuevos requerimientos para la promoci\u00f3n y ofrecimiento de nuevos productos y servicios.<\/p>\n<p>Cualquier modificaci\u00f3n al Aviso de Privacidad actual, puede ser consultado en:&nbsp;<a href=\"https:\/\/bdalimentos.org\/aviso\/%20https:\/bdalimentos.org\/aviso\">&nbsp;https:\/\/bdalimentos.org\/aviso<\/a><\/p>\n<p><\/p>\n<p><strong>Cookies y Web Beacons<\/strong><\/p>\n<p>El portal web&nbsp;<a href=\"https:\/\/bdalimentos.org\/\">https:\/\/bdalimentos.org\/<\/a>&nbsp;&nbsp;requiere de la habilitaci\u00f3n de cookies en su navegador web para la correcta funcionalidad de este sitio. Cookies son archivos de texto que se descargan autom\u00e1ticamente y se almacenan en la computadora del usuario mientras se navega en un sitio web en particular, permitiendo as\u00ed al servidor de Internet recordar cierta informaci\u00f3n acerca del usuario, incluyendo sus preferencias al ver p\u00e1ginas en este servidor, as\u00ed como los nombres de usuario y contrase\u00f1as.<\/p>\n<p>Mientras que, Web Beacons son im\u00e1genes colocadas en un sitio web o correo electr\u00f3nico, las cuales pueden ser utilizadas para monitorear el comportamiento del usuario, como puede ser el almacenamiento de informaci\u00f3n referente a la direcci\u00f3n IP del usuario, tiempo de interacci\u00f3n en un sitio web en particular y el navegador web que se utiliz\u00f3, entre otras cosas.<\/p>\n<p>Le informamos que utilizamos cookies y web beacons para obtener le siguiente informaci\u00f3n personal:<\/p>\n<p><strong>El tipo de navegador web y Sistema Operativo.<\/strong><\/p>\n<p><strong>Los sitios web que visita.<\/strong><\/p>\n<p><strong>Los enlaces que usted sigue.<\/strong><\/p>\n<p><strong>La direcci\u00f3n IP.<\/strong><\/p>\n<p><strong>El sitio web que visit\u00f3 antes al nuestro.<\/strong><\/p>\n<p><strong>&nbsp;<\/strong><\/p>\n<p>Desactivar el uso de cookies puede inhabilitar ciertas funciones del portal&nbsp;<a href=\"https:\/\/umuntu.mx\/\">https:\/\/bdalimentos.org\/<\/a>&nbsp;&nbsp;o no permitir que se muestren en la forma que originalmente fueron dise\u00f1ados. En caso de que se prefiera eliminar la informaci\u00f3n mandada por las cookies de&nbsp;<a href=\"https:\/\/umuntu.mx\/\">https:\/\/bdalimentos.org\/<\/a>&nbsp;&nbsp;, puede eliminar los estos archivos al final de cada sesi\u00f3n dentro de su navegador. Informaci\u00f3n de inter\u00e9s sobre c\u00f3mo hacer esto puede ser consultada en los sitios principales de cada navegador.<\/p>\n<p><\/p>\n<p>\u00daltima actualizaci\u00f3n:&nbsp;<strong>03\/10\/2020<\/strong><\/p>\t\t\t\t\t\t\t\t<\/div>\n\t\t\t\t<\/div>\n\t\t\t\t\t<\/div>\n\t\t<\/div>\n\t\t\t\t\t<\/div>\n\t\t<\/section>\n\t\t\t\t<\/div>\n\t\t","protected":false},"excerpt":{"rendered":"<p>aviso de Privacidad Este documento presente, sirve como un Aviso de Privacidad para la Ley Federal de Protecci\u00f3n de Datos Personales en Posesi\u00f3n de los Particulares (LFPDPPP) y otras disposiciones emanadas o relacionadas a ella. Este Aviso de Privacidad aplica sobre la informaci\u00f3n personal recopilada por la directriz de&nbsp;BAMX GUADALAJARA, y su rol como Entidad [&hellip;]<\/p>\n","protected":false},"author":1,"featured_media":0,"parent":0,"menu_order":0,"comment_status":"closed","ping_status":"closed","template":"","meta":{"_acf_changed":false,"give_campaign_id":0,"footnotes":""},"class_list":["post-1010","page","type-page","status-publish","hentry"],"acf":[],"yoast_head":"<!-- This site is optimized with the Yoast SEO plugin v25.9 - https:\/\/yoast.com\/wordpress\/plugins\/seo\/ -->\n<title>Aviso de Privacidad - Banco de Empleos<\/title>\n<meta name=\"robots\" content=\"noindex, follow, max-snippet:-1, max-image-preview:large, max-video-preview:-1\" \/>\n<meta property=\"og:locale\" content=\"en_US\" \/>\n<meta property=\"og:type\" content=\"article\" \/>\n<meta property=\"og:title\" content=\"Aviso de Privacidad - Banco de Empleos\" \/>\n<meta property=\"og:description\" content=\"aviso de Privacidad Este documento presente, sirve como un Aviso de Privacidad para la Ley Federal de Protecci\u00f3n de Datos Personales en Posesi\u00f3n de los Particulares (LFPDPPP) y otras disposiciones emanadas o relacionadas a ella. Este Aviso de Privacidad aplica sobre la informaci\u00f3n personal recopilada por la directriz de&nbsp;BAMX GUADALAJARA, y su rol como Entidad [&hellip;]\" \/>\n<meta property=\"og:url\" content=\"https:\/\/bancoempleos.org\/index.php\/aviso-de-privacidad\/\" \/>\n<meta property=\"og:site_name\" content=\"Banco de Empleos\" \/>\n<meta property=\"article:modified_time\" content=\"2022-10-17T01:40:32+00:00\" \/>\n<meta name=\"twitter:card\" content=\"summary_large_image\" \/>\n<meta name=\"twitter:label1\" content=\"Est. reading time\" \/>\n\t<meta name=\"twitter:data1\" content=\"4 minutes\" \/>\n<script type=\"application\/ld+json\" class=\"yoast-schema-graph\">{\"@context\":\"https:\/\/schema.org\",\"@graph\":[{\"@type\":\"WebPage\",\"@id\":\"https:\/\/bancoempleos.org\/index.php\/aviso-de-privacidad\/\",\"url\":\"https:\/\/bancoempleos.org\/index.php\/aviso-de-privacidad\/\",\"name\":\"Aviso de Privacidad - Banco de Empleos\",\"isPartOf\":{\"@id\":\"https:\/\/bancoempleos.org\/#website\"},\"datePublished\":\"2022-09-16T03:52:27+00:00\",\"dateModified\":\"2022-10-17T01:40:32+00:00\",\"breadcrumb\":{\"@id\":\"https:\/\/bancoempleos.org\/index.php\/aviso-de-privacidad\/#breadcrumb\"},\"inLanguage\":\"en-US\",\"potentialAction\":[{\"@type\":\"ReadAction\",\"target\":[\"https:\/\/bancoempleos.org\/index.php\/aviso-de-privacidad\/\"]}]},{\"@type\":\"BreadcrumbList\",\"@id\":\"https:\/\/bancoempleos.org\/index.php\/aviso-de-privacidad\/#breadcrumb\",\"itemListElement\":[{\"@type\":\"ListItem\",\"position\":1,\"name\":\"Home\",\"item\":\"https:\/\/bancoempleos.org\/\"},{\"@type\":\"ListItem\",\"position\":2,\"name\":\"Aviso de Privacidad\"}]},{\"@type\":\"WebSite\",\"@id\":\"https:\/\/bancoempleos.org\/#website\",\"url\":\"https:\/\/bancoempleos.org\/\",\"name\":\"Banco de Empleos\",\"description\":\"Just another WordPress site\",\"publisher\":{\"@id\":\"https:\/\/bancoempleos.org\/#organization\"},\"potentialAction\":[{\"@type\":\"SearchAction\",\"target\":{\"@type\":\"EntryPoint\",\"urlTemplate\":\"https:\/\/bancoempleos.org\/?s={search_term_string}\"},\"query-input\":{\"@type\":\"PropertyValueSpecification\",\"valueRequired\":true,\"valueName\":\"search_term_string\"}}],\"inLanguage\":\"en-US\"},{\"@type\":\"Organization\",\"@id\":\"https:\/\/bancoempleos.org\/#organization\",\"name\":\"Banco de Empleos\",\"url\":\"https:\/\/bancoempleos.org\/\",\"logo\":{\"@type\":\"ImageObject\",\"inLanguage\":\"en-US\",\"@id\":\"https:\/\/bancoempleos.org\/#\/schema\/logo\/image\/\",\"url\":\"https:\/\/bancoempleos.org\/wp-content\/uploads\/2022\/05\/cropped-logo-banco-empleos.png\",\"contentUrl\":\"https:\/\/bancoempleos.org\/wp-content\/uploads\/2022\/05\/cropped-logo-banco-empleos.png\",\"width\":1200,\"height\":557,\"caption\":\"Banco de Empleos\"},\"image\":{\"@id\":\"https:\/\/bancoempleos.org\/#\/schema\/logo\/image\/\"}}]}<\/script>\n<!-- \/ Yoast SEO plugin. -->","yoast_head_json":{"title":"Aviso de Privacidad - Banco de Empleos","robots":{"index":"noindex","follow":"follow","max-snippet":"max-snippet:-1","max-image-preview":"max-image-preview:large","max-video-preview":"max-video-preview:-1"},"og_locale":"en_US","og_type":"article","og_title":"Aviso de Privacidad - Banco de Empleos","og_description":"aviso de Privacidad Este documento presente, sirve como un Aviso de Privacidad para la Ley Federal de Protecci\u00f3n de Datos Personales en Posesi\u00f3n de los Particulares (LFPDPPP) y otras disposiciones emanadas o relacionadas a ella. Este Aviso de Privacidad aplica sobre la informaci\u00f3n personal recopilada por la directriz de&nbsp;BAMX GUADALAJARA, y su rol como Entidad [&hellip;]","og_url":"https:\/\/bancoempleos.org\/index.php\/aviso-de-privacidad\/","og_site_name":"Banco de Empleos","article_modified_time":"2022-10-17T01:40:32+00:00","twitter_card":"summary_large_image","twitter_misc":{"Est. reading time":"4 minutes"},"schema":{"@context":"https:\/\/schema.org","@graph":[{"@type":"WebPage","@id":"https:\/\/bancoempleos.org\/index.php\/aviso-de-privacidad\/","url":"https:\/\/bancoempleos.org\/index.php\/aviso-de-privacidad\/","name":"Aviso de Privacidad - Banco de Empleos","isPartOf":{"@id":"https:\/\/bancoempleos.org\/#website"},"datePublished":"2022-09-16T03:52:27+00:00","dateModified":"2022-10-17T01:40:32+00:00","breadcrumb":{"@id":"https:\/\/bancoempleos.org\/index.php\/aviso-de-privacidad\/#breadcrumb"},"inLanguage":"en-US","potentialAction":[{"@type":"ReadAction","target":["https:\/\/bancoempleos.org\/index.php\/aviso-de-privacidad\/"]}]},{"@type":"BreadcrumbList","@id":"https:\/\/bancoempleos.org\/index.php\/aviso-de-privacidad\/#breadcrumb","itemListElement":[{"@type":"ListItem","position":1,"name":"Home","item":"https:\/\/bancoempleos.org\/"},{"@type":"ListItem","position":2,"name":"Aviso de Privacidad"}]},{"@type":"WebSite","@id":"https:\/\/bancoempleos.org\/#website","url":"https:\/\/bancoempleos.org\/","name":"Banco de Empleos","description":"Just another WordPress site","publisher":{"@id":"https:\/\/bancoempleos.org\/#organization"},"potentialAction":[{"@type":"SearchAction","target":{"@type":"EntryPoint","urlTemplate":"https:\/\/bancoempleos.org\/?s={search_term_string}"},"query-input":{"@type":"PropertyValueSpecification","valueRequired":true,"valueName":"search_term_string"}}],"inLanguage":"en-US"},{"@type":"Organization","@id":"https:\/\/bancoempleos.org\/#organization","name":"Banco de Empleos","url":"https:\/\/bancoempleos.org\/","logo":{"@type":"ImageObject","inLanguage":"en-US","@id":"https:\/\/bancoempleos.org\/#\/schema\/logo\/image\/","url":"https:\/\/bancoempleos.org\/wp-content\/uploads\/2022\/05\/cropped-logo-banco-empleos.png","contentUrl":"https:\/\/bancoempleos.org\/wp-content\/uploads\/2022\/05\/cropped-logo-banco-empleos.png","width":1200,"height":557,"caption":"Banco de Empleos"},"image":{"@id":"https:\/\/bancoempleos.org\/#\/schema\/logo\/image\/"}}]}},"campaignId":"","_links":{"self":[{"href":"https:\/\/bancoempleos.org\/index.php\/wp-json\/wp\/v2\/pages\/1010","targetHints":{"allow":["GET"]}}],"collection":[{"href":"https:\/\/bancoempleos.org\/index.php\/wp-json\/wp\/v2\/pages"}],"about":[{"href":"https:\/\/bancoempleos.org\/index.php\/wp-json\/wp\/v2\/types\/page"}],"author":[{"embeddable":true,"href":"https:\/\/bancoempleos.org\/index.php\/wp-json\/wp\/v2\/users\/1"}],"replies":[{"embeddable":true,"href":"https:\/\/bancoempleos.org\/index.php\/wp-json\/wp\/v2\/comments?post=1010"}],"version-history":[{"count":10,"href":"https:\/\/bancoempleos.org\/index.php\/wp-json\/wp\/v2\/pages\/1010\/revisions"}],"predecessor-version":[{"id":1089,"href":"https:\/\/bancoempleos.org\/index.php\/wp-json\/wp\/v2\/pages\/1010\/revisions\/1089"}],"wp:attachment":[{"href":"https:\/\/bancoempleos.org\/index.php\/wp-json\/wp\/v2\/media?parent=1010"}],"curies":[{"name":"wp","href":"https:\/\/api.w.org\/{rel}","templated":true}]}}